{"id":13891,"date":"2024-01-16T16:38:10","date_gmt":"2024-01-16T13:38:10","guid":{"rendered":"https:\/\/www.tramecon.com.tr\/?page_id=13891"},"modified":"2024-01-19T10:42:26","modified_gmt":"2024-01-19T07:42:26","slug":"hakkimizda","status":"publish","type":"page","link":"https:\/\/www.tramecon.com.tr\/index.php\/hakkimizda\/","title":{"rendered":"HAKKIMIZDA"},"content":{"rendered":"\t\t<div data-elementor-type=\"wp-page\" data-elementor-id=\"13891\" class=\"elementor elementor-13891\">\n\t\t\t\t\t\t\t\t\t<section class=\"elementor-section elementor-top-section elementor-element elementor-element-cde73f5 elementor-section-full_width elementor-section-content-middle animated-slow elementor-section-height-default elementor-section-height-default\" data-id=\"cde73f5\" data-element_type=\"section\" data-settings=\"{&quot;animation&quot;:&quot;none&quot;,&quot;animation_delay&quot;:1000}\">\n\t\t\t\t\t\t<div class=\"elementor-container elementor-column-gap-wide\">\n\t\t\t\t\t<div class=\"elementor-column elementor-col-50 elementor-top-column elementor-element elementor-element-fdc0aaf\" data-id=\"fdc0aaf\" data-element_type=\"column\">\n\t\t\t<div class=\"elementor-widget-wrap elementor-element-populated\">\n\t\t\t\t\t\t\t\t<div class=\"elementor-element elementor-element-595b76d elementor-widget elementor-widget-rs-heading\" data-id=\"595b76d\" data-element_type=\"widget\" data-widget_type=\"rs-heading.default\">\n\t\t\t\t<div class=\"elementor-widget-container\">\n\t\t\t        <div class=\"rs-heading default  \">\r\n        \t<div class=\"title-inner\">\r\n        \t\t      \t\t\r\n\t            <span class=\"sub-text \">B\u0130Z K\u0130M\u0130Z?<\/span><h2 class=\"title\"><span class=\"watermark\"><\/span>Kaliteli, g\u00fcvenli ve estetik kabinler<\/h2>\t        <\/div>\r\n\t                    \t<div class=\"description\">\r\n            \t\t<p style=\"text-align: justify\">T\u00fcrk Asans\u00f6r Sanayinin \u00f6nemli firmalar\u0131ndan olan TRAMECON Asans\u00f6r 1995 y\u0131l\u0131nda kurulmu\u015ftur .Teknolojinin geli\u015fimiyle birlikte sekt\u00f6r\u00fc de yak\u0131ndan takip eden Tramecon asans\u00f6r kuruldu\u011fu g\u00fcnden 2009 y\u0131l\u0131na kadar T\u00fcrkiye\u2019nin bir \u00e7ok ilinde binlerce projeye imza atm\u0131\u015ft\u0131r.2009 y\u0131l\u0131nda k\u0131talar aras\u0131 tek \u015firket misyonuyla hareket eden Tramecon asans\u00f6r, Cezayir Merkezli ALPASLAN ASCENSEUR firmas\u0131n\u0131 kurmu\u015f ve bu firma ile Afrika B\u00f6lgesine asans\u00f6r montaj, sat\u0131\u015f ve yedek par\u00e7a hizmeti vermektedir.Bunun yan\u0131 s\u0131ra Tramecon Asans\u00f6r sekt\u00f6rdeki geli\u015fmeleri de ele alarak 2022 y\u0131l\u0131nda Ankara\u2019da tesisinde \u00fcretime ba\u015flam\u0131\u015f, ustal\u0131k d\u00f6nemi olarak adland\u0131r\u0131ld\u0131\u011f\u0131 bu d\u00f6nemde uygulaman\u0131n yan\u0131 s\u0131ra \u00fcretime ge\u00e7mi\u015ftir. Tramecon Asans\u00f6r ge\u00e7mi\u015finden gelen tecr\u00fcbesiyle uygulamada ya\u015fan\u0131lan \u00fcretim kaynakl\u0131 sorunlar\u0131n tek tek \u00e7\u00f6z\u00fcm\u00fcn\u00fc ele al\u0131p bu ko\u015fullara uygun \u00fcretim yapmay\u0131 ve g\u00fcn\u00fcn ko\u015fullar\u0131na uygun kaliteli hizmet sunmay\u0131 t\u00fcm d\u00fcnyaya g\u00f6sterme hedefindedir.<\/p><p><img decoding=\"async\" class=\"alignnone wp-image-13976 size-full\" src=\"https:\/\/www.tramecon.com.tr\/wp-content\/uploads\/2024\/01\/a2.jpg\" alt=\"\" width=\"581\" height=\"47\" srcset=\"https:\/\/www.tramecon.com.tr\/wp-content\/uploads\/2024\/01\/a2.jpg 581w, https:\/\/www.tramecon.com.tr\/wp-content\/uploads\/2024\/01\/a2-300x24.jpg 300w\" sizes=\"(max-width: 581px) 100vw, 581px\" \/><br \/><img decoding=\"async\" class=\"alignnone wp-image-13980 size-full\" src=\"https:\/\/www.tramecon.com.tr\/wp-content\/uploads\/2024\/01\/a3.jpg\" alt=\"\" width=\"581\" height=\"47\" srcset=\"https:\/\/www.tramecon.com.tr\/wp-content\/uploads\/2024\/01\/a3.jpg 581w, https:\/\/www.tramecon.com.tr\/wp-content\/uploads\/2024\/01\/a3-300x24.jpg 300w\" sizes=\"(max-width: 581px) 100vw, 581px\" \/><\/p><p style=\"text-align: justify\"><strong>V\u0130ZYONUMUZ<\/strong><\/p><p style=\"text-align: justify\">Kullan\u0131c\u0131lar\u0131m\u0131za teknolojinin zirvesinde,g\u00fcn\u00fcn ko\u015fullar\u0131na uygun optimum \u00e7\u00f6z\u00fcmler sa\u011flamay\u0131 hedeflemek ile birlikte do\u011fay\u0131 koruma bilinciyle daha kaliteli ve daha g\u00fcvenilir bir hizmet sunarak bizi tercih eden kullan\u0131c\u0131lar\u0131m\u0131z\u0131n hayatlar\u0131n\u0131 kolayla\u015ft\u0131rmak ve sayg\u0131 de\u011fer kullan\u0131c\u0131lar\u0131m\u0131z\u0131n hayatlar\u0131nda s\u00fcreklili\u011fimizi s\u00fcrd\u00fcrmek.<\/p><p style=\"text-align: justify\"><strong>\u00a0G\u00d6REV\u0130M\u0130Z<\/strong><\/p><p style=\"text-align: justify\">T\u00fcketimin bu kadar artm\u0131\u015f oldu\u011fu g\u00fcn\u00fcm\u00fcz d\u00fcnyas\u0131nda ge\u00e7mi\u015fimizden alm\u0131\u015f oldu\u011fumuz ilhamla birlikte d\u00fcnya standartlar\u0131nda m\u00fc\u015fteri memnuniyet odakl\u0131 bir \u015firket olarak \u00e7al\u0131\u015fmak<\/p><p style=\"text-align: justify\"><strong>DE\u011eERLER\u0130M\u0130Z<\/strong><\/p><p style=\"text-align: justify\">En b\u00fcy\u00fck de\u011ferimizin T\u00fcrkiye Cumhuriyeti oldu\u011fu bilinciyle hareket ederek yerli sanayimizi ilerletmek ve \u015firketimizin isminin ge\u00e7ti\u011fi her alanda m\u00fc\u015fterilerimizi kendi ailemize dahil olduklar\u0131n\u0131 d\u00fc\u015f\u00fcnerek g\u00fcvenliklerini ve\u00a0 memnuniyetlerini sa\u011flamak i\u00e7in m\u00fccadele etmektir.<\/p>            \t\t\r\n            \t<\/div>\r\n        \t        <\/div>\r\n\r\n        \t\t<\/div>\n\t\t\t\t<\/div>\n\t\t\t\t\t<\/div>\n\t\t<\/div>\n\t\t\t\t<div class=\"elementor-column elementor-col-50 elementor-top-column elementor-element elementor-element-4b92edd\" data-id=\"4b92edd\" data-element_type=\"column\">\n\t\t\t<div class=\"elementor-widget-wrap elementor-element-populated\">\n\t\t\t\t\t\t\t\t<section class=\"elementor-section elementor-inner-section elementor-element elementor-element-d45f098 elementor-section-content-top elementor-section-boxed elementor-section-height-default elementor-section-height-default\" data-id=\"d45f098\" data-element_type=\"section\">\n\t\t\t\t\t\t<div class=\"elementor-container elementor-column-gap-default\">\n\t\t\t\t\t<div class=\"elementor-column elementor-col-50 elementor-inner-column elementor-element elementor-element-f48792d\" data-id=\"f48792d\" data-element_type=\"column\">\n\t\t\t<div class=\"elementor-widget-wrap elementor-element-populated\">\n\t\t\t\t\t\t\t\t<div class=\"elementor-element elementor-element-83bad94 elementor-widget elementor-widget-rs-image\" data-id=\"83bad94\" data-element_type=\"widget\" data-widget_type=\"rs-image.default\">\n\t\t\t\t<div class=\"elementor-widget-container\">\n\t\t\t\n        <div class=\"rs-image yes\">\n                            <img decoding=\"async\" class=\"rs-multi-image veritcal\" src=\"https:\/\/www.tramecon.com.tr\/wp-content\/uploads\/2023\/08\/se334.jpg\" alt=\"image\"\/>\n                    <\/div>\n  \n    \t\t<\/div>\n\t\t\t\t<\/div>\n\t\t\t\t\t<\/div>\n\t\t<\/div>\n\t\t\t\t<div class=\"elementor-column elementor-col-50 elementor-inner-column elementor-element elementor-element-b9a4cb9 elementor-hidden-phone\" data-id=\"b9a4cb9\" data-element_type=\"column\">\n\t\t\t<div class=\"elementor-widget-wrap elementor-element-populated\">\n\t\t\t\t\t\t\t\t<div class=\"elementor-element elementor-element-d23441d elementor-widget elementor-widget-rs-image\" data-id=\"d23441d\" data-element_type=\"widget\" data-widget_type=\"rs-image.default\">\n\t\t\t\t<div class=\"elementor-widget-container\">\n\t\t\t\n        <div class=\"rs-image yes\">\n                            <img decoding=\"async\" class=\"rs-multi-image veritcal\" src=\"https:\/\/www.tramecon.com.tr\/wp-content\/uploads\/2023\/08\/se43.jpg\" alt=\"image\"\/>\n                    <\/div>\n  \n    \t\t<\/div>\n\t\t\t\t<\/div>\n\t\t\t\t<div class=\"elementor-element elementor-element-54176e7 elementor-widget elementor-widget-rs-image\" data-id=\"54176e7\" data-element_type=\"widget\" data-widget_type=\"rs-image.default\">\n\t\t\t\t<div class=\"elementor-widget-container\">\n\t\t\t\n        <div class=\"rs-image yes\">\n                            <img decoding=\"async\" class=\"rs-multi-image veritcal\" src=\"https:\/\/www.tramecon.com.tr\/wp-content\/uploads\/2023\/08\/xdre.jpg\" alt=\"image\"\/>\n                    <\/div>\n  \n    \t\t<\/div>\n\t\t\t\t<\/div>\n\t\t\t\t\t<\/div>\n\t\t<\/div>\n\t\t\t\t\t\t\t<\/div>\n\t\t<\/section>\n\t\t\t\t\t<\/div>\n\t\t<\/div>\n\t\t\t\t\t\t\t<\/div>\n\t\t<\/section>\n\t\t\t\t\t\t\t<\/div>\n\t\t","protected":false},"excerpt":{"rendered":"<p>B\u0130Z K\u0130M\u0130Z? Kaliteli, g\u00fcvenli ve estetik kabinler T\u00fcrk Asans\u00f6r Sanayinin \u00f6nemli firmalar\u0131ndan olan TRAMECON Asans\u00f6r 1995 y\u0131l\u0131nda kurulmu\u015ftur .Teknolojinin geli\u015fimiyle birlikte sekt\u00f6r\u00fc de yak\u0131ndan takip eden Tramecon asans\u00f6r kuruldu\u011fu g\u00fcnden 2009 y\u0131l\u0131na kadar T\u00fcrkiye\u2019nin bir \u00e7ok ilinde binlerce projeye imza atm\u0131\u015ft\u0131r.2009 y\u0131l\u0131nda k\u0131talar aras\u0131 tek \u015firket misyonuyla hareket eden Tramecon asans\u00f6r, Cezayir Merkezli ALPASLAN ASCENSEUR&#8230;<\/p>\n","protected":false},"author":1,"featured_media":0,"parent":0,"menu_order":0,"comment_status":"closed","ping_status":"closed","template":"","meta":{"footnotes":""},"class_list":["post-13891","page","type-page","status-publish","hentry"],"_links":{"self":[{"href":"https:\/\/www.tramecon.com.tr\/index.php\/wp-json\/wp\/v2\/pages\/13891","targetHints":{"allow":["GET"]}}],"collection":[{"href":"https:\/\/www.tramecon.com.tr\/index.php\/wp-json\/wp\/v2\/pages"}],"about":[{"href":"https:\/\/www.tramecon.com.tr\/index.php\/wp-json\/wp\/v2\/types\/page"}],"author":[{"embeddable":true,"href":"https:\/\/www.tramecon.com.tr\/index.php\/wp-json\/wp\/v2\/users\/1"}],"replies":[{"embeddable":true,"href":"https:\/\/www.tramecon.com.tr\/index.php\/wp-json\/wp\/v2\/comments?post=13891"}],"version-history":[{"count":19,"href":"https:\/\/www.tramecon.com.tr\/index.php\/wp-json\/wp\/v2\/pages\/13891\/revisions"}],"predecessor-version":[{"id":14415,"href":"https:\/\/www.tramecon.com.tr\/index.php\/wp-json\/wp\/v2\/pages\/13891\/revisions\/14415"}],"wp:attachment":[{"href":"https:\/\/www.tramecon.com.tr\/index.php\/wp-json\/wp\/v2\/media?parent=13891"}],"curies":[{"name":"wp","href":"https:\/\/api.w.org\/{rel}","templated":true}]}}