{"id":13898,"date":"2024-01-16T16:38:36","date_gmt":"2024-01-16T13:38:36","guid":{"rendered":"https:\/\/www.tramecon.com.tr\/?page_id=13898"},"modified":"2024-01-16T20:16:08","modified_gmt":"2024-01-16T17:16:08","slug":"hizmetler","status":"publish","type":"page","link":"https:\/\/www.tramecon.com.tr\/index.php\/hizmetler\/","title":{"rendered":"H\u0130ZMETLER"},"content":{"rendered":"<ul class=\"sub-menu\">\n<li class=\"menu-item menu-item-type-post_type menu-item-object-page menu-item-13957\"><span style=\"color: #000000;\"><a style=\"color: #000000;\" href=\"https:\/\/www.tramecon.com.tr\/index.php\/urunler\/otomatik-kapilar\/\">OTOMAT\u0130K KAPILAR<\/a><\/span><\/li>\n<li class=\"menu-item menu-item-type-post_type menu-item-object-page menu-item-13959\"><span style=\"color: #000000;\"><a style=\"color: #000000;\" href=\"https:\/\/www.tramecon.com.tr\/index.php\/urunler\/yari-otomatik-kapilar\/\">YARI OTOMAT\u0130K KAPILAR<\/a><\/span><\/li>\n<li class=\"menu-item menu-item-type-post_type menu-item-object-page menu-item-13953\"><span style=\"color: #000000;\"><a style=\"color: #000000;\" href=\"https:\/\/www.tramecon.com.tr\/index.php\/urunler\/kabinler\/\">KAB\u0130NLER<\/a><\/span><\/li>\n<li class=\"menu-item menu-item-type-post_type menu-item-object-page menu-item-13956\"><span style=\"color: #000000;\"><a style=\"color: #000000;\" href=\"https:\/\/www.tramecon.com.tr\/index.php\/urunler\/motorlar\/\">MOTORLAR<\/a><\/span><\/li>\n<li class=\"menu-item menu-item-type-post_type menu-item-object-page menu-item-13951\"><span style=\"color: #000000;\"><a style=\"color: #000000;\" href=\"https:\/\/www.tramecon.com.tr\/index.php\/urunler\/butonlar\/\">BUTONLAR<\/a><\/span><\/li>\n<li class=\"menu-item menu-item-type-post_type menu-item-object-page menu-item-13954\"><span style=\"color: #000000;\"><a style=\"color: #000000;\" href=\"https:\/\/www.tramecon.com.tr\/index.php\/urunler\/karkaslar\/\">KARKASLAR<\/a><\/span><\/li>\n<li class=\"menu-item menu-item-type-post_type menu-item-object-page menu-item-13958\"><span style=\"color: #000000;\"><a style=\"color: #000000;\" href=\"https:\/\/www.tramecon.com.tr\/index.php\/urunler\/saseler\/\">\u015eASELER<\/a><\/span><\/li>\n<li class=\"menu-item menu-item-type-post_type menu-item-object-page menu-item-13955\"><span style=\"color: #000000;\"><a style=\"color: #000000;\" href=\"https:\/\/www.tramecon.com.tr\/index.php\/urunler\/kumanda-panolari\/\">KUMANDA PANOLARI<\/a><\/span><\/li>\n<li class=\"menu-item menu-item-type-post_type menu-item-object-page menu-item-13952\"><span style=\"color: #000000;\"><a style=\"color: #000000;\" href=\"https:\/\/www.tramecon.com.tr\/index.php\/urunler\/diger-komponentler\/\">D\u0130\u011eER KOMPONENTLER<\/a><\/span><\/li>\n<li class=\"menu-item menu-item-type-post_type menu-item-object-page menu-item-13968\"><span style=\"color: #000000;\"><a style=\"color: #000000;\" href=\"https:\/\/www.tramecon.com.tr\/index.php\/proje-cesitleri\/yolcu-asansoru\/\">YOLCU ASANS\u00d6R\u00dc<\/a><\/span><\/li>\n<li class=\"menu-item menu-item-type-post_type menu-item-object-page menu-item-13965\"><span style=\"color: #000000;\"><a style=\"color: #000000;\" href=\"https:\/\/www.tramecon.com.tr\/index.php\/proje-cesitleri\/panoramik-asansor\/\">PANORAM\u0130K ASANS\u00d6R<\/a><\/span><\/li>\n<li class=\"menu-item menu-item-type-post_type menu-item-object-page menu-item-13967\"><span style=\"color: #000000;\"><a style=\"color: #000000;\" href=\"https:\/\/www.tramecon.com.tr\/index.php\/proje-cesitleri\/sedye-asansoru\/\">SEDYE ASANS\u00d6R\u00dc<\/a><\/span><\/li>\n<li class=\"menu-item menu-item-type-post_type menu-item-object-page menu-item-13969\"><span style=\"color: #000000;\"><a style=\"color: #000000;\" href=\"https:\/\/www.tramecon.com.tr\/index.php\/proje-cesitleri\/yuk-asansoru\/\">Y\u00dcK ASANS\u00d6R\u00dc<\/a><\/span><\/li>\n<li class=\"menu-item menu-item-type-post_type menu-item-object-page menu-item-13962\"><span style=\"color: #000000;\"><a style=\"color: #000000;\" href=\"https:\/\/www.tramecon.com.tr\/index.php\/proje-cesitleri\/ev-asansoru\/\">EV ASANS\u00d6R\u00dc<\/a><\/span><\/li>\n<li class=\"menu-item menu-item-type-post_type menu-item-object-page menu-item-13964\"><span style=\"color: #000000;\"><a style=\"color: #000000;\" href=\"https:\/\/www.tramecon.com.tr\/index.php\/proje-cesitleri\/monsarj-asansoru\/\">MONSARJ ASANS\u00d6R\u00dc<\/a><\/span><\/li>\n<li class=\"menu-item menu-item-type-post_type menu-item-object-page menu-item-13961\"><span style=\"color: #000000;\"><a style=\"color: #000000;\" href=\"https:\/\/www.tramecon.com.tr\/index.php\/proje-cesitleri\/engelli-asansoru\/\">ENGELL\u0130 ASANS\u00d6R\u00dc<\/a><\/span><\/li>\n<li class=\"menu-item menu-item-type-post_type menu-item-object-page menu-item-13963\"><span style=\"color: #000000;\"><a style=\"color: #000000;\" href=\"https:\/\/www.tramecon.com.tr\/index.php\/proje-cesitleri\/itfaiye-asansoru\/\">\u0130TFA\u0130YE ASANS\u00d6R\u00dc<\/a><\/span><\/li>\n<li class=\"menu-item menu-item-type-post_type menu-item-object-page menu-item-13960\"><span style=\"color: #000000;\"><a style=\"color: #000000;\" href=\"https:\/\/www.tramecon.com.tr\/index.php\/proje-cesitleri\/arac-asansoru\/\">ARA\u00c7 ASANS\u00d6R\u00dc<\/a><\/span><\/li>\n<li class=\"menu-item menu-item-type-post_type menu-item-object-page menu-item-13966\"><span style=\"color: #000000;\"><a style=\"color: #000000;\" href=\"https:\/\/www.tramecon.com.tr\/index.php\/proje-cesitleri\/platform-asansoru\/\">PLATFORM ASANS\u00d6R\u00dc<\/a><\/span><\/li>\n<\/ul>\n","protected":false},"excerpt":{"rendered":"<p>OTOMAT\u0130K KAPILAR YARI OTOMAT\u0130K KAPILAR KAB\u0130NLER MOTORLAR BUTONLAR KARKASLAR \u015eASELER KUMANDA PANOLARI D\u0130\u011eER KOMPONENTLER YOLCU ASANS\u00d6R\u00dc PANORAM\u0130K ASANS\u00d6R SEDYE ASANS\u00d6R\u00dc Y\u00dcK ASANS\u00d6R\u00dc EV ASANS\u00d6R\u00dc MONSARJ ASANS\u00d6R\u00dc ENGELL\u0130 ASANS\u00d6R\u00dc \u0130TFA\u0130YE ASANS\u00d6R\u00dc ARA\u00c7 ASANS\u00d6R\u00dc PLATFORM ASANS\u00d6R\u00dc<\/p>\n","protected":false},"author":1,"featured_media":0,"parent":0,"menu_order":0,"comment_status":"closed","ping_status":"closed","template":"","meta":{"footnotes":""},"class_list":["post-13898","page","type-page","status-publish","hentry"],"_links":{"self":[{"href":"https:\/\/www.tramecon.com.tr\/index.php\/wp-json\/wp\/v2\/pages\/13898","targetHints":{"allow":["GET"]}}],"collection":[{"href":"https:\/\/www.tramecon.com.tr\/index.php\/wp-json\/wp\/v2\/pages"}],"about":[{"href":"https:\/\/www.tramecon.com.tr\/index.php\/wp-json\/wp\/v2\/types\/page"}],"author":[{"embeddable":true,"href":"https:\/\/www.tramecon.com.tr\/index.php\/wp-json\/wp\/v2\/users\/1"}],"replies":[{"embeddable":true,"href":"https:\/\/www.tramecon.com.tr\/index.php\/wp-json\/wp\/v2\/comments?post=13898"}],"version-history":[{"count":3,"href":"https:\/\/www.tramecon.com.tr\/index.php\/wp-json\/wp\/v2\/pages\/13898\/revisions"}],"predecessor-version":[{"id":14409,"href":"https:\/\/www.tramecon.com.tr\/index.php\/wp-json\/wp\/v2\/pages\/13898\/revisions\/14409"}],"wp:attachment":[{"href":"https:\/\/www.tramecon.com.tr\/index.php\/wp-json\/wp\/v2\/media?parent=13898"}],"curies":[{"name":"wp","href":"https:\/\/api.w.org\/{rel}","templated":true}]}}