{"id":14211,"date":"2024-01-16T18:32:33","date_gmt":"2024-01-16T15:32:33","guid":{"rendered":"https:\/\/www.tramecon.com.tr\/?page_id=14211"},"modified":"2024-01-16T19:20:26","modified_gmt":"2024-01-16T16:20:26","slug":"yukselis","status":"publish","type":"page","link":"https:\/\/www.tramecon.com.tr\/index.php\/urunler\/motorlar\/yukselis\/","title":{"rendered":"Y\u00dcKSEL\u0130\u015e"},"content":{"rendered":"\t\t<div data-elementor-type=\"wp-page\" data-elementor-id=\"14211\" class=\"elementor elementor-14211\">\n\t\t\t\t\t\t\t\t\t<section class=\"elementor-section elementor-top-section elementor-element elementor-element-acc0ea9 elementor-section-boxed elementor-section-height-default elementor-section-height-default\" data-id=\"acc0ea9\" data-element_type=\"section\">\n\t\t\t\t\t\t<div class=\"elementor-container elementor-column-gap-default\">\n\t\t\t\t\t<div class=\"elementor-column elementor-col-100 elementor-top-column elementor-element elementor-element-b44f15f\" data-id=\"b44f15f\" data-element_type=\"column\">\n\t\t\t<div class=\"elementor-widget-wrap elementor-element-populated\">\n\t\t\t\t\t\t\t\t<div class=\"elementor-element elementor-element-80e6733 elementor-widget elementor-widget-image-gallery\" data-id=\"80e6733\" data-element_type=\"widget\" data-widget_type=\"image-gallery.default\">\n\t\t\t\t<div class=\"elementor-widget-container\">\n\t\t\t<style>\/*! elementor - v3.18.0 - 20-12-2023 *\/\n.elementor-image-gallery .gallery-item{display:inline-block;text-align:center;vertical-align:top;width:100%;max-width:100%;margin:0 auto}.elementor-image-gallery .gallery-item img{margin:0 auto}.elementor-image-gallery .gallery-item .gallery-caption{margin:0}.elementor-image-gallery figure img{display:block}.elementor-image-gallery figure figcaption{width:100%}.gallery-spacing-custom .elementor-image-gallery .gallery-icon{padding:0}@media (min-width:768px){.elementor-image-gallery .gallery-columns-2 .gallery-item{max-width:50%}.elementor-image-gallery .gallery-columns-3 .gallery-item{max-width:33.33%}.elementor-image-gallery .gallery-columns-4 .gallery-item{max-width:25%}.elementor-image-gallery .gallery-columns-5 .gallery-item{max-width:20%}.elementor-image-gallery .gallery-columns-6 .gallery-item{max-width:16.666%}.elementor-image-gallery .gallery-columns-7 .gallery-item{max-width:14.28%}.elementor-image-gallery .gallery-columns-8 .gallery-item{max-width:12.5%}.elementor-image-gallery .gallery-columns-9 .gallery-item{max-width:11.11%}.elementor-image-gallery .gallery-columns-10 .gallery-item{max-width:10%}}@media (min-width:480px) and (max-width:767px){.elementor-image-gallery .gallery.gallery-columns-2 .gallery-item,.elementor-image-gallery .gallery.gallery-columns-3 .gallery-item,.elementor-image-gallery .gallery.gallery-columns-4 .gallery-item,.elementor-image-gallery .gallery.gallery-columns-5 .gallery-item,.elementor-image-gallery .gallery.gallery-columns-6 .gallery-item,.elementor-image-gallery .gallery.gallery-columns-7 .gallery-item,.elementor-image-gallery .gallery.gallery-columns-8 .gallery-item,.elementor-image-gallery .gallery.gallery-columns-9 .gallery-item,.elementor-image-gallery .gallery.gallery-columns-10 .gallery-item{max-width:50%}}@media (max-width:479px){.elementor-image-gallery .gallery.gallery-columns-2 .gallery-item,.elementor-image-gallery .gallery.gallery-columns-3 .gallery-item,.elementor-image-gallery .gallery.gallery-columns-4 .gallery-item,.elementor-image-gallery .gallery.gallery-columns-5 .gallery-item,.elementor-image-gallery .gallery.gallery-columns-6 .gallery-item,.elementor-image-gallery .gallery.gallery-columns-7 .gallery-item,.elementor-image-gallery .gallery.gallery-columns-8 .gallery-item,.elementor-image-gallery .gallery.gallery-columns-9 .gallery-item,.elementor-image-gallery .gallery.gallery-columns-10 .gallery-item{max-width:100%}}<\/style>\t\t<div class=\"elementor-image-gallery\">\n\t\t\t<div id='gallery-1' class='gallery galleryid-14211 gallery-columns-4 gallery-size-reobiz_blog-slider'><figure class='gallery-item'>\n\t\t\t<div class='gallery-icon landscape'>\n\t\t\t\t<a data-elementor-open-lightbox=\"yes\" data-elementor-lightbox-slideshow=\"80e6733\" data-elementor-lightbox-title=\"YMB Serisi Kay\u0131\u015fl\u0131 Di\u015flisiz Motor\" data-e-action-hash=\"#elementor-action%3Aaction%3Dlightbox%26settings%3DeyJpZCI6MTQzMjksInVybCI6Imh0dHBzOlwvXC93d3cudHJhbWVjb24uY29tLnRyXC93cC1jb250ZW50XC91cGxvYWRzXC8yMDI0XC8wMVwvWU1CLVNlcmlzaS1LYXlpc2xpLURpc2xpc2l6LU1vdG9yLnBuZyIsInNsaWRlc2hvdyI6IjgwZTY3MzMifQ%3D%3D\" href='https:\/\/www.tramecon.com.tr\/wp-content\/uploads\/2024\/01\/YMB-Serisi-Kayisli-Dislisiz-Motor.png'><img fetchpriority=\"high\" decoding=\"async\" width=\"365\" height=\"243\" src=\"https:\/\/www.tramecon.com.tr\/wp-content\/uploads\/2024\/01\/YMB-Serisi-Kayisli-Dislisiz-Motor-365x243.png\" class=\"attachment-reobiz_blog-slider size-reobiz_blog-slider\" alt=\"\" aria-describedby=\"gallery-1-14329\" \/><\/a>\n\t\t\t<\/div>\n\t\t\t\t<figcaption class='wp-caption-text gallery-caption' id='gallery-1-14329'>\n\t\t\t\tYMB Serisi Kay\u0131\u015fl\u0131 Di\u015flisiz Motor\n\t\t\t\t<\/figcaption><\/figure><figure class='gallery-item'>\n\t\t\t<div class='gallery-icon landscape'>\n\t\t\t\t<a data-elementor-open-lightbox=\"yes\" data-elementor-lightbox-slideshow=\"80e6733\" data-elementor-lightbox-title=\"YMP Serisi Poli\u00fcretan Halatl\u0131 Di\u015flisiz Motor\" data-e-action-hash=\"#elementor-action%3Aaction%3Dlightbox%26settings%3DeyJpZCI6MTQzMzAsInVybCI6Imh0dHBzOlwvXC93d3cudHJhbWVjb24uY29tLnRyXC93cC1jb250ZW50XC91cGxvYWRzXC8yMDI0XC8wMVwvWU1QLVNlcmlzaS1Qb2xpdXJldGFuLUhhbGF0bGktRGlzbGlzaXotTW90b3IucG5nIiwic2xpZGVzaG93IjoiODBlNjczMyJ9\" href='https:\/\/www.tramecon.com.tr\/wp-content\/uploads\/2024\/01\/YMP-Serisi-Poliuretan-Halatli-Dislisiz-Motor.png'><img decoding=\"async\" width=\"365\" height=\"243\" src=\"https:\/\/www.tramecon.com.tr\/wp-content\/uploads\/2024\/01\/YMP-Serisi-Poliuretan-Halatli-Dislisiz-Motor-365x243.png\" class=\"attachment-reobiz_blog-slider size-reobiz_blog-slider\" alt=\"\" aria-describedby=\"gallery-1-14330\" \/><\/a>\n\t\t\t<\/div>\n\t\t\t\t<figcaption class='wp-caption-text gallery-caption' id='gallery-1-14330'>\n\t\t\t\tYMP Serisi Poli\u00fcretan Halatl\u0131 Di\u015flisiz Motor\n\t\t\t\t<\/figcaption><\/figure><figure class='gallery-item'>\n\t\t\t<div class='gallery-icon landscape'>\n\t\t\t\t<a data-elementor-open-lightbox=\"yes\" data-elementor-lightbox-slideshow=\"80e6733\" data-elementor-lightbox-title=\"YM Serisi Halatl\u0131 Di\u015flisiz Motor\" data-e-action-hash=\"#elementor-action%3Aaction%3Dlightbox%26settings%3DeyJpZCI6MTQzMzEsInVybCI6Imh0dHBzOlwvXC93d3cudHJhbWVjb24uY29tLnRyXC93cC1jb250ZW50XC91cGxvYWRzXC8yMDI0XC8wMVwvWU0tU2VyaXNpLUhhbGF0bGktRGlzbGlzaXotTW90b3IucG5nIiwic2xpZGVzaG93IjoiODBlNjczMyJ9\" href='https:\/\/www.tramecon.com.tr\/wp-content\/uploads\/2024\/01\/YM-Serisi-Halatli-Dislisiz-Motor.png'><img decoding=\"async\" width=\"365\" height=\"243\" src=\"https:\/\/www.tramecon.com.tr\/wp-content\/uploads\/2024\/01\/YM-Serisi-Halatli-Dislisiz-Motor-365x243.png\" class=\"attachment-reobiz_blog-slider size-reobiz_blog-slider\" alt=\"\" aria-describedby=\"gallery-1-14331\" \/><\/a>\n\t\t\t<\/div>\n\t\t\t\t<figcaption class='wp-caption-text gallery-caption' id='gallery-1-14331'>\n\t\t\t\tYM Serisi Halatl\u0131 Di\u015flisiz Motor\n\t\t\t\t<\/figcaption><\/figure>\n\t\t<\/div>\n\t\t<\/div>\n\t\t\t\t<\/div>\n\t\t\t\t<\/div>\n\t\t\t\t\t<\/div>\n\t\t<\/div>\n\t\t\t\t\t\t\t<\/div>\n\t\t<\/section>\n\t\t\t\t\t\t\t<\/div>\n\t\t","protected":false},"excerpt":{"rendered":"<p>YMB Serisi Kay\u0131\u015fl\u0131 Di\u015flisiz Motor YMP Serisi Poli\u00fcretan Halatl\u0131 Di\u015flisiz Motor YM Serisi Halatl\u0131 Di\u015flisiz Motor<\/p>\n","protected":false},"author":1,"featured_media":0,"parent":13915,"menu_order":0,"comment_status":"closed","ping_status":"closed","template":"","meta":{"footnotes":""},"class_list":["post-14211","page","type-page","status-publish","hentry"],"_links":{"self":[{"href":"https:\/\/www.tramecon.com.tr\/index.php\/wp-json\/wp\/v2\/pages\/14211","targetHints":{"allow":["GET"]}}],"collection":[{"href":"https:\/\/www.tramecon.com.tr\/index.php\/wp-json\/wp\/v2\/pages"}],"about":[{"href":"https:\/\/www.tramecon.com.tr\/index.php\/wp-json\/wp\/v2\/types\/page"}],"author":[{"embeddable":true,"href":"https:\/\/www.tramecon.com.tr\/index.php\/wp-json\/wp\/v2\/users\/1"}],"replies":[{"embeddable":true,"href":"https:\/\/www.tramecon.com.tr\/index.php\/wp-json\/wp\/v2\/comments?post=14211"}],"version-history":[{"count":4,"href":"https:\/\/www.tramecon.com.tr\/index.php\/wp-json\/wp\/v2\/pages\/14211\/revisions"}],"predecessor-version":[{"id":14334,"href":"https:\/\/www.tramecon.com.tr\/index.php\/wp-json\/wp\/v2\/pages\/14211\/revisions\/14334"}],"up":[{"embeddable":true,"href":"https:\/\/www.tramecon.com.tr\/index.php\/wp-json\/wp\/v2\/pages\/13915"}],"wp:attachment":[{"href":"https:\/\/www.tramecon.com.tr\/index.php\/wp-json\/wp\/v2\/media?parent=14211"}],"curies":[{"name":"wp","href":"https:\/\/api.w.org\/{rel}","templated":true}]}}